{"id":4468,"date":"2024-10-28T16:39:58","date_gmt":"2024-10-28T15:39:58","guid":{"rendered":"https:\/\/www.bizingroff.cz\/?page_id=4468"},"modified":"2024-10-28T16:44:34","modified_gmt":"2024-10-28T15:44:34","slug":"reklamacni-rad","status":"publish","type":"page","link":"https:\/\/www.bizingroff.cz\/en\/reklamacni-rad\/","title":{"rendered":"Complaints Policy"},"content":{"rendered":"<div data-elementor-type=\"wp-page\" data-elementor-id=\"4468\" class=\"elementor elementor-4468\" data-elementor-post-type=\"page\">\n\t\t\t\t<div class=\"elementor-element elementor-element-b849ef2 e-flex e-con-boxed e-con e-parent\" data-id=\"b849ef2\" data-element_type=\"container\" data-settings=\"{&quot;background_background&quot;:&quot;classic&quot;}\">\n\t\t\t\t\t<div class=\"e-con-inner\">\n\t\t\t\t<div class=\"elementor-element elementor-element-566ad77 elementor-widget elementor-widget-text-editor\" data-id=\"566ad77\" data-element_type=\"widget\" data-widget_type=\"text-editor.default\">\n\t\t\t\t<div class=\"elementor-widget-container\">\n\t\t\t<style>\/*! elementor - v3.23.0 - 05-08-2024 *\/\n.elementor-widget-text-editor.elementor-drop-cap-view-stacked .elementor-drop-cap{background-color:#69727d;color:#fff}.elementor-widget-text-editor.elementor-drop-cap-view-framed .elementor-drop-cap{color:#69727d;border:3px solid;background-color:transparent}.elementor-widget-text-editor:not(.elementor-drop-cap-view-default) .elementor-drop-cap{margin-top:8px}.elementor-widget-text-editor:not(.elementor-drop-cap-view-default) .elementor-drop-cap-letter{width:1em;height:1em}.elementor-widget-text-editor .elementor-drop-cap{float:left;text-align:center;line-height:1;font-size:50px}.elementor-widget-text-editor .elementor-drop-cap-letter{display:inline-block}<\/style>\t\t\t\t<ol><li><p class=\"p1\">If the guest discovers a defect, they are entitled to file a complaint. The guest must report the defect immediately to the staff member who provided the service. A designated employee of the accommodation provider will decide on the complaint. If necessary, a complaint report will be drawn up, stating the nature of the defect. The designated employee is required to decide on the complaint immediately after assessment, or within 7 days in complex cases.<\/p><\/li><li><p class=\"p1\">The guest files a complaint by contacting the accommodation provider. If the nature of the service being complained about requires it, the guest must also present the item in question when filing the complaint.<\/p><\/li><li><p class=\"p1\">When providing accommodation services, the guest has the right to request the removal of a defect related to the suitability and equipment of the accommodation unit. If the defect cannot be removed, an alternative service will be provided. If it is not possible to offer an alternative service, a discount on the service price will be given.<\/p><\/li><li><p class=\"p1\">The consumer, when filing a complaint, must provide proof of payment for the services that are being complained about.<\/p><\/li><\/ol><p class=\"p1\">This Complaints Policy comes into effect on June 1, 2022.<\/p>\t\t\t\t\t\t<\/div>\n\t\t\t\t<\/div>\n\t\t\t\t\t<\/div>\n\t\t\t\t<\/div>\n\t\t\t\t<\/div>","protected":false},"excerpt":{"rendered":"<p>Zjist\u00ed-li host vadu je opr\u00e1vn\u011bn uplatnit reklamaci. Host reklamuje vadu neprodlen\u011b u pracovn\u00edka, kter\u00fd slu\u017ebu hostovi poskytnul. O uplatn\u011bn\u00e9 reklamaci rozhodne pov\u011b\u0159en\u00fd pracovn\u00edk ubytovatele. V p\u0159\u00edpad\u011b nutnosti bude seps\u00e1n reklama\u010dn\u00ed protokol, v n\u011bm\u017e bude uvedeno, v \u010dem vada spo\u010d\u00edv\u00e1. Pov\u011b\u0159en\u00fd pracovn\u00edk je povinen po posouzen\u00ed rozhodnout o reklamaci ihned, ve slo\u017eit\u00fdch p\u0159\u00edpadech do 7 dn\u016f. [&hellip;]<\/p>","protected":false},"author":1,"featured_media":0,"parent":0,"menu_order":0,"comment_status":"closed","ping_status":"closed","template":"","meta":{"footnotes":""},"class_list":["post-4468","page","type-page","status-publish","hentry"],"_links":{"self":[{"href":"https:\/\/www.bizingroff.cz\/en\/wp-json\/wp\/v2\/pages\/4468","targetHints":{"allow":["GET"]}}],"collection":[{"href":"https:\/\/www.bizingroff.cz\/en\/wp-json\/wp\/v2\/pages"}],"about":[{"href":"https:\/\/www.bizingroff.cz\/en\/wp-json\/wp\/v2\/types\/page"}],"author":[{"embeddable":true,"href":"https:\/\/www.bizingroff.cz\/en\/wp-json\/wp\/v2\/users\/1"}],"replies":[{"embeddable":true,"href":"https:\/\/www.bizingroff.cz\/en\/wp-json\/wp\/v2\/comments?post=4468"}],"version-history":[{"count":8,"href":"https:\/\/www.bizingroff.cz\/en\/wp-json\/wp\/v2\/pages\/4468\/revisions"}],"predecessor-version":[{"id":4476,"href":"https:\/\/www.bizingroff.cz\/en\/wp-json\/wp\/v2\/pages\/4468\/revisions\/4476"}],"wp:attachment":[{"href":"https:\/\/www.bizingroff.cz\/en\/wp-json\/wp\/v2\/media?parent=4468"}],"curies":[{"name":"wp","href":"https:\/\/api.w.org\/{rel}","templated":true}]}}